{"id":2,"date":"2022-10-03T10:38:27","date_gmt":"2022-10-03T10:38:27","guid":{"rendered":"https:\/\/thomaskarsten.com\/?page_id=2"},"modified":"2026-01-20T12:05:52","modified_gmt":"2026-01-20T12:05:52","slug":"sample-page","status":"publish","type":"page","link":"https:\/\/thomaskarsten.com\/","title":{"rendered":"THOMAS KARSTEN"},"content":{"rendered":"\n<h2 class=\"wp-block-heading has-large-font-size\" style=\"font-style:normal;font-weight:300\"><\/h2>\n\n\n\n<p>Kontakt &nbsp;<a href=\"mailto:info@thomaskarsten.com\">info@thomaskarsten.com<\/a><\/p>\n\n\n\n<p><\/p>\n\n\n\n<figure class=\"wp-block-embed is-type-video is-provider-vimeo wp-block-embed-vimeo wp-embed-aspect-16-9 wp-has-aspect-ratio\"><div class=\"wp-block-embed__wrapper\">\n<iframe loading=\"lazy\" title=\"2018_Fotomuseum\" src=\"https:\/\/player.vimeo.com\/video\/1155751764?dnt=1&amp;app_id=122963\" width=\"768\" height=\"432\" frameborder=\"0\" allow=\"autoplay; fullscreen; picture-in-picture; clipboard-write; encrypted-media; web-share\" referrerpolicy=\"strict-origin-when-cross-origin\"><\/iframe>\n<\/div><\/figure>\n\n\n\n<p><\/p>\n\n\n\n<p>Geboren 1958 in Eisenach, aufgewachsen ist er in Leipzig. Seit 2013 lebt und arbeitet er in einer ehemaligen Kirche in Uffenheim, ganz in der N\u00e4he von W\u00fcrzburg. Nach der Arbeit in anderen k\u00fcnstlerischen Sparten f\u00fchlt er sich im Alter von 21 Jahren zur Fotografie berufen. Ab 1983 arbeitete er f\u00fcr Zeitschriften und Magazine wie Stern, Art, Eltern, Nerve (New York), Capital. Momentan besch\u00e4ftigt er sich ausschlie\u00dflich mit seinen Buchprojekten. Alle B\u00fccher sind hier signiert bestellbar.<\/p>\n\n\n\n<p><\/p>\n\n\n\n<figure class=\"wp-block-embed is-type-video is-provider-vimeo wp-block-embed-vimeo\"><div class=\"wp-block-embed__wrapper\">\n<iframe loading=\"lazy\" title=\"2005 Artour\" src=\"https:\/\/player.vimeo.com\/video\/1155753328?dnt=1&amp;app_id=122963\" width=\"768\" height=\"493\" frameborder=\"0\" allow=\"autoplay; fullscreen; picture-in-picture; clipboard-write; encrypted-media; web-share\" referrerpolicy=\"strict-origin-when-cross-origin\"><\/iframe>\n<\/div><\/figure>\n\n\n\n<p>Seine erste Einzelver\u00f6ffentlichung erh\u00e4lt 1988 den Kodak-Fotobuchpreis.<\/p>\n\n\n\n<p>International bekannt geworden ist Thomas Karsten vor allem durch seine 26 Fotob\u00e4nde, die das Resultat jahrelanger Arbeit an verschiedenen Sujets der Aktfotografie sind. Hiermit ist er zum meist ver\u00f6ffentlichten Aktfotografen Deutschlands avanciert.<\/p>\n\n\n\n<p>Gelegentlich unternimmt er kleine Reisen, um seinen Horizont zu erweitern, Freunde zu treffen und immer wieder neue Frauen vom Reiz der Fotografie zu \u00fcberzeugen.<\/p>\n\n\n\n<p>Seine Aktfotografien finden sich in vielen wichtigen internationalen Publikationen, wie New Erotic Photography (Los Angeles), Deep Inside (Lausanne), Masterpieces of Erotic Photography (London), Nerve (San Francisco), BilderLust (Heideberg), Nudi (Mailand), Erotic Photography (London), Il Nudo (Florenz). Ausstellungen seiner Bilder, u.a. zusammen mit Arbeiten von Helmut Newton und Allan Jones, waren weltweit zu besichtigen; darunter in der Galerie Les Larmes d\u2019Eros (Paris), im Erotic Art Museum (Hamburg), im Kamera \u2013 und Fotomuseum (Leipzig), und in der Galleria d\u2019Arte Moderna (Bologna).<\/p>\n\n\n\n<p><\/p>\n\n\n\n<figure class=\"wp-block-embed is-type-video is-provider-vimeo wp-block-embed-vimeo wp-embed-aspect-4-3 wp-has-aspect-ratio\"><div class=\"wp-block-embed__wrapper\">\n<iframe loading=\"lazy\" title=\"1999 Peep\" src=\"https:\/\/player.vimeo.com\/video\/1155754313?dnt=1&amp;app_id=122963\" width=\"768\" height=\"561\" frameborder=\"0\" allow=\"autoplay; fullscreen; picture-in-picture; clipboard-write; encrypted-media; web-share\" referrerpolicy=\"strict-origin-when-cross-origin\"><\/iframe>\n<\/div><\/figure>\n\n\n\n<figure class=\"wp-block-embed is-type-video is-provider-vimeo wp-block-embed-vimeo\"><div class=\"wp-block-embed__wrapper\">\n<iframe loading=\"lazy\" title=\"1996 Next\" src=\"https:\/\/player.vimeo.com\/video\/1156032797?dnt=1&amp;app_id=122963\" width=\"768\" height=\"583\" frameborder=\"0\" allow=\"autoplay; fullscreen; picture-in-picture; clipboard-write; encrypted-media; web-share\" referrerpolicy=\"strict-origin-when-cross-origin\"><\/iframe>\n<\/div><\/figure>\n\n\n\n<p>Bekannt geworden ist Thomas Karsten vor allem durch seine B\u00fccher:<\/p>\n\n\n\n<p class=\"has-medium-font-size\">Thomas Karsten is best known for his books:<\/p>\n\n\n\n<p><\/p>\n\n\n\n<p><\/p>\n\n\n\n<p>2025 \u00b7 Voyage en Photographie, Thomas Karsten \u2013 Bilderreise<\/p>\n\n\n\n<p>2025 \u00b7 a few weeks with Lorena Garc\u00eda<\/p>\n\n\n\n<p>2025 \u00b7 glimpses into the past<\/p>\n\n\n\n<p>2019 \u00b7 Chinese Woman<\/p>\n\n\n\n<p>2018 \u00b7 Auf der Suche nach Sch\u00f6nheit, Photographien 1982-2017<\/p>\n\n\n\n<p>2017 \u00b7 Marina Anna Eich, black white and naked<\/p>\n\n\n\n<p>2016 \u00b7 \u2026 und sch\u00f6n bin ich doch!<\/p>\n\n\n\n<p>2015 \u00b7 Skin To Skin<\/p>\n\n\n\n<p>2014 \u00b7 Marina Anna Eich, An Erotic Portrait<\/p>\n\n\n\n<p>2011 \u00b7 A Look At Myself<\/p>\n\n\n\n<p>2009 \u00b7 Heat<\/p>\n\n\n\n<p>2008 \u00b7 White Line No. 1<\/p>\n\n\n\n<p>2007 \u00b7 Model Years<\/p>\n\n\n\n<p>2006 \u00b7 She<\/p>\n\n\n\n<p>2005 \u00b7 Colors of Sex<\/p>\n\n\n\n<p>2005 \u00b7 Twenty Six Years<\/p>\n\n\n\n<p>2005 \u00b7 Yvette<\/p>\n\n\n\n<p>2004 \u00b7 Women Only<\/p>\n\n\n\n<p>2003 \u00b7 Heute Nackt<\/p>\n\n\n\n<p>2003 \u00b7 Eros Fotografia<\/p>\n\n\n\n<p>2002 \u00b7 Days of Intimacy<\/p>\n\n\n\n<p>2001 \u00b7 Moments of Intensity<\/p>\n\n\n\n<p>1998 \u00b7 Love Me<\/p>\n\n\n\n<p>1995 \u00b7 Lust An Sich<\/p>\n\n\n\n<p>1994 \u00b7 Messer im Traum \u2013 Transsexuelle in Deutschland<\/p>\n\n\n\n<p>1988 \u00b7 Thomas, mach \u2013 ein Bild von uns!  (KODAK-Fotobuchpreis)<\/p>\n\n\n\n<p><\/p>\n\n\n\n<p><\/p>\n\n\n\n<p>F\u00fcr weitere Infos, Shootings &amp; B\u00fccher: info@thomaskarsten.com<\/p>\n\n\n\n<p><\/p>\n\n\n\n<p>For more informations, books &amp; shootings: info@thomaskarsten.com<\/p>\n\n\n\n<p><\/p>\n\n\n\n<p><\/p>\n\n\n\n<p><\/p>\n\n\n\n<p>Thomas Karsten was born in 1958 in Eisenach and grew up in Leipzig. Since 2013 he has lived and worked in a former church in Uffenheim close to W\u00fcrzburg. After having worked in other artistic branches, he felt he became appointed to photography at the age of 21. Since 1983 he has worked for journals and magazines such as Stern, Art, Nerve (New York), Capital and others. He is currently focusing exclusively on his book projects. All books can be ordered here with a signature.<\/p>\n\n\n\n<p>His first individual publication received the Kodak-Fotobuchpreis in 1988. Thomas Karsten emerged internationally particularly through his previous 26 photo books which are the results of the work on different subjects of nude photography for years. He is now the most published nude photographer in Germany. Occasionally he travels to broaden his horizon, meet friends, and convince new women of the attraction of photography. <\/p>\n\n\n\n<p>His nude photographs have been published in many important international magazines and books, such as New Erotic Photography (Los Angeles), Deep Inside (Lausanne), Masterpieces of Erotic Photography (London), Nerve (San Francisco), BilderLust (Heidelberg), Nudi (Milano), Erotic Photography (London), Il Nudo (Firenze). He has participated in worldwide exhibitions together with Helmut Newton and Allan Jones, for example, in the Galerie Les Larmes d\u2019Eros (Paris),The Erotic Art Museum (Hamburg), Kamera- und Fotomuseum (Leipzig), and Galleria d\u2019Arte Moderna (Bologna).<\/p>\n\n\n\n<p><\/p>\n\n\n\n<p><\/p>\n","protected":false},"excerpt":{"rendered":"<p>Kontakt &nbsp;info@thomaskarsten.com Geboren 1958 in Eisenach, aufgewachsen ist er in Leipzig. Seit 2013 lebt und arbeitet er in einer ehemaligen Kirche in Uffenheim, ganz in der N\u00e4he von W\u00fcrzburg. Nach [&hellip;]<\/p>\n","protected":false},"author":1,"featured_media":0,"parent":0,"menu_order":0,"comment_status":"closed","ping_status":"open","template":"","meta":{"footnotes":""},"class_list":["post-2","page","type-page","status-publish","hentry"],"_links":{"self":[{"href":"https:\/\/thomaskarsten.com\/index.php?rest_route=\/wp\/v2\/pages\/2","targetHints":{"allow":["GET"]}}],"collection":[{"href":"https:\/\/thomaskarsten.com\/index.php?rest_route=\/wp\/v2\/pages"}],"about":[{"href":"https:\/\/thomaskarsten.com\/index.php?rest_route=\/wp\/v2\/types\/page"}],"author":[{"embeddable":true,"href":"https:\/\/thomaskarsten.com\/index.php?rest_route=\/wp\/v2\/users\/1"}],"replies":[{"embeddable":true,"href":"https:\/\/thomaskarsten.com\/index.php?rest_route=%2Fwp%2Fv2%2Fcomments&post=2"}],"version-history":[{"count":13,"href":"https:\/\/thomaskarsten.com\/index.php?rest_route=\/wp\/v2\/pages\/2\/revisions"}],"predecessor-version":[{"id":879,"href":"https:\/\/thomaskarsten.com\/index.php?rest_route=\/wp\/v2\/pages\/2\/revisions\/879"}],"wp:attachment":[{"href":"https:\/\/thomaskarsten.com\/index.php?rest_route=%2Fwp%2Fv2%2Fmedia&parent=2"}],"curies":[{"name":"wp","href":"https:\/\/api.w.org\/{rel}","templated":true}]}}